{"id":11782,"date":"2024-11-07T16:38:01","date_gmt":"2024-11-07T15:38:01","guid":{"rendered":"https:\/\/www.mumade.fr\/?post_type=product&#038;p=11782"},"modified":"2025-01-25T10:09:31","modified_gmt":"2025-01-25T09:09:31","slug":"liberty-terracota-reconditionne-etat-correct","status":"publish","type":"product","link":"https:\/\/www.mumade.fr\/de\/shop\/liberty-terracota-reconditionne-etat-correct\/","title":{"rendered":"Liberty Terracota reconditionn\u00e9  bon \u00e9tat"},"content":{"rendered":"<p><strong>Composition<\/strong>\u00a0<strong>du coussin d&#8217;allaitement Liberty<\/strong>\u00a0:<\/p>\n<p>Housse\u00a0: coton certifi\u00e9 Oeko tex<\/p>\n<p>Matelassage\u00a0: ouate de polyester recycl\u00e9e certifi\u00e9e Oeko-tex<\/p>\n<p>Int\u00e9rieur gonflable en PVC<\/p>\n<p>Pochon : coton certifi\u00e9 Oeko tex<\/p>\n<p>Test\u00e9 par un laboratoire ind\u00e9pendant<\/p>\n","protected":false},"excerpt":{"rendered":"<p><strong>Last chance !<\/strong><\/p>\n<p>Coussin d&#8217;allaitement gonflable : mod\u00e8le Liberty Terracota.<\/p>\n<p>Il s&#8217;agit d&#8217;un <strong>produit d&#8217;occasion en bon \u00e9tat.\u00a0<\/strong><\/p>\n<p>Il a \u00e9t\u00e9 lou\u00e9 sur notre site pendant 3 mois et lav\u00e9 plusieurs fois avant de nous \u00eatre retourn\u00e9.<\/p>\n<p>V\u00e9rifi\u00e9 par nos soins, il a \u00e9t\u00e9 nettoy\u00e9 et d\u00e9sinfect\u00e9. La bou\u00e9e a \u00e9t\u00e9 chang\u00e9e et est neuve, comme le pochon de rangement.<\/p>\n<p>La housse pr\u00e9sente des marques d\u2019usage visibles au niveau des coutures.<\/p>\n<p>Cela n\u2019a pas d\u2019incidence sur son fonctionnement et le produit s\u2019utilise normalement.<\/p>\n<p>En achetant un produit reconditionn\u00e9, vous b\u00e9n\u00e9ficiez de la garantie Mumade ( pour la partie gonflable ).<\/p>\n<p>&nbsp;<\/p>\n<p>Attention : les articles de la page last chance ne sont ni repris ni \u00e9chang\u00e9s.<\/p>\n<p>&nbsp;<\/p>\n<p>&nbsp;<\/p>\n","protected":false},"featured_media":11764,"comment_status":"closed","ping_status":"closed","template":"","meta":{"_acf_changed":false},"product_brand":[],"product_cat":[28],"product_tag":[],"class_list":{"0":"post-11782","1":"product","2":"type-product","3":"status-publish","4":"has-post-thumbnail","6":"product_cat-non-classe","7":"product_shipping_class-coussin-liberty","9":"first","10":"outofstock","11":"sale","12":"taxable","13":"shipping-taxable","14":"purchasable","15":"product-type-simple"},"acf":[],"_links":{"self":[{"href":"https:\/\/www.mumade.fr\/de\/wp-json\/wp\/v2\/product\/11782","targetHints":{"allow":["GET"]}}],"collection":[{"href":"https:\/\/www.mumade.fr\/de\/wp-json\/wp\/v2\/product"}],"about":[{"href":"https:\/\/www.mumade.fr\/de\/wp-json\/wp\/v2\/types\/product"}],"replies":[{"embeddable":true,"href":"https:\/\/www.mumade.fr\/de\/wp-json\/wp\/v2\/comments?post=11782"}],"version-history":[{"count":3,"href":"https:\/\/www.mumade.fr\/de\/wp-json\/wp\/v2\/product\/11782\/revisions"}],"predecessor-version":[{"id":11889,"href":"https:\/\/www.mumade.fr\/de\/wp-json\/wp\/v2\/product\/11782\/revisions\/11889"}],"wp:featuredmedia":[{"embeddable":true,"href":"https:\/\/www.mumade.fr\/de\/wp-json\/wp\/v2\/media\/11764"}],"wp:attachment":[{"href":"https:\/\/www.mumade.fr\/de\/wp-json\/wp\/v2\/media?parent=11782"}],"wp:term":[{"taxonomy":"product_brand","embeddable":true,"href":"https:\/\/www.mumade.fr\/de\/wp-json\/wp\/v2\/product_brand?post=11782"},{"taxonomy":"product_cat","embeddable":true,"href":"https:\/\/www.mumade.fr\/de\/wp-json\/wp\/v2\/product_cat?post=11782"},{"taxonomy":"product_tag","embeddable":true,"href":"https:\/\/www.mumade.fr\/de\/wp-json\/wp\/v2\/product_tag?post=11782"}],"curies":[{"name":"wp","href":"https:\/\/api.w.org\/{rel}","templated":true}]}}