{"id":11795,"date":"2024-11-07T16:48:52","date_gmt":"2024-11-07T15:48:52","guid":{"rendered":"https:\/\/www.mumade.fr\/?post_type=product&#038;p=11795"},"modified":"2024-11-07T19:26:45","modified_gmt":"2024-11-07T18:26:45","slug":"liberty-rainbow-etat-neuf","status":"publish","type":"product","link":"https:\/\/www.mumade.fr\/de\/shop\/liberty-rainbow-etat-neuf\/","title":{"rendered":"Liberty Rainbow Etat neuf"},"content":{"rendered":"<p><strong>Composition<\/strong>\u00a0<strong>du coussin d&#8217;allaitement Liberty<\/strong>\u00a0:<\/p>\n<p>Housse\u00a0: coton certifi\u00e9 Oeko tex<\/p>\n<p>Matelassage\u00a0: ouate de polyester recycl\u00e9e certifi\u00e9e Oeko-tex<\/p>\n<p>Int\u00e9rieur gonflable en PVC<\/p>\n<p>Pochon : coton certifi\u00e9 Oeko tex<\/p>\n<p>Test\u00e9 par un laboratoire ind\u00e9pendant<\/p>\n","protected":false},"excerpt":{"rendered":"<p><strong>Last chance !<\/strong><\/p>\n<p>Coussin d&#8217;allaitement gonflable : mod\u00e8le Liberty imprim\u00e9 Rainbow.<\/p>\n<p>Il s&#8217;agit d&#8217;un <strong>produit neuf.\u00a0<\/strong><\/p>\n<p>Il a \u00e9t\u00e9 utilis\u00e9 pour un shooting pendant quelques heures. Son aspect est totalement neuf.<\/p>\n<p>En achetant un produit reconditionn\u00e9, vous b\u00e9n\u00e9ficiez de la garantie Mumade ( pour la partie gonflable ).<\/p>\n<p>&nbsp;<\/p>\n<p>Attention : les articles de la page last chance ne sont ni repris ni \u00e9chang\u00e9s.<\/p>\n<p>&nbsp;<\/p>\n<p>&nbsp;<\/p>\n","protected":false},"featured_media":11794,"comment_status":"closed","ping_status":"closed","template":"","meta":{"_acf_changed":false},"product_brand":[],"product_cat":[28],"product_tag":[],"class_list":{"0":"post-11795","1":"product","2":"type-product","3":"status-publish","4":"has-post-thumbnail","6":"product_cat-non-classe","7":"product_shipping_class-coussin-liberty","9":"first","10":"outofstock","11":"sale","12":"taxable","13":"shipping-taxable","14":"purchasable","15":"product-type-simple"},"acf":[],"_links":{"self":[{"href":"https:\/\/www.mumade.fr\/de\/wp-json\/wp\/v2\/product\/11795","targetHints":{"allow":["GET"]}}],"collection":[{"href":"https:\/\/www.mumade.fr\/de\/wp-json\/wp\/v2\/product"}],"about":[{"href":"https:\/\/www.mumade.fr\/de\/wp-json\/wp\/v2\/types\/product"}],"replies":[{"embeddable":true,"href":"https:\/\/www.mumade.fr\/de\/wp-json\/wp\/v2\/comments?post=11795"}],"version-history":[{"count":2,"href":"https:\/\/www.mumade.fr\/de\/wp-json\/wp\/v2\/product\/11795\/revisions"}],"predecessor-version":[{"id":11798,"href":"https:\/\/www.mumade.fr\/de\/wp-json\/wp\/v2\/product\/11795\/revisions\/11798"}],"wp:featuredmedia":[{"embeddable":true,"href":"https:\/\/www.mumade.fr\/de\/wp-json\/wp\/v2\/media\/11794"}],"wp:attachment":[{"href":"https:\/\/www.mumade.fr\/de\/wp-json\/wp\/v2\/media?parent=11795"}],"wp:term":[{"taxonomy":"product_brand","embeddable":true,"href":"https:\/\/www.mumade.fr\/de\/wp-json\/wp\/v2\/product_brand?post=11795"},{"taxonomy":"product_cat","embeddable":true,"href":"https:\/\/www.mumade.fr\/de\/wp-json\/wp\/v2\/product_cat?post=11795"},{"taxonomy":"product_tag","embeddable":true,"href":"https:\/\/www.mumade.fr\/de\/wp-json\/wp\/v2\/product_tag?post=11795"}],"curies":[{"name":"wp","href":"https:\/\/api.w.org\/{rel}","templated":true}]}}