{"id":12434,"date":"2025-02-11T10:02:02","date_gmt":"2025-02-11T09:02:02","guid":{"rendered":"https:\/\/www.mumade.fr\/?post_type=product&#038;p=12434"},"modified":"2025-12-12T14:41:15","modified_gmt":"2025-12-12T13:41:15","slug":"coussin-dallaitement-gonflable-pro","status":"publish","type":"product","link":"https:\/\/www.mumade.fr\/de\/shop\/coussin-dallaitement-gonflable-pro\/","title":{"rendered":"Coussin d\u2019allaitement gonflable sp\u00e9cial pro de sant\u00e9"},"content":{"rendered":"<div class=\"su-row\"><div class=\"su-column su-column-size-1-2 paddingavantage\"><div class=\"su-column-inner su-u-clearfix su-u-trim\"><img fetchpriority=\"high\" decoding=\"async\" class=\"imgtabs\" src=\"https:\/\/www.mumade.fr\/wp-content\/uploads\/2021\/07\/Avantages-300x199.jpg\" alt=\"coussin liberty avantages\" width=\"573\" height=\"381\" \/><\/p>\n<p><span class=\"avantagestitre\">Il vous aide \u00e0 trouver la position id\u00e9ale pour allaiter sans douleur.<\/span><\/p>\n<p><span style=\"color: #495867;\">La forme en U entoure bien la taille et vous pouvez vous-m\u00eame d\u00e9cider de la fermet\u00e9 en gonflant plus ou moins le coussin. Liberty vous permet de trouver votre position imm\u00e9diatement. Fini les coussins qui s&#8217;affaissent ou rop mous.<\/span><\/p>\n<p>Une housse hyper confortable et lavable compos\u00e9e de tissus certifi\u00e9s Oeko-tex.<\/p>\n<\/div><\/div>\n<div class=\"su-column su-column-size-1-2 paddingavantage\"><div class=\"su-column-inner su-u-clearfix su-u-trim\">\n<p><img fetchpriority=\"high\" decoding=\"async\" class=\"imgtabs\" src=\"https:\/\/www.mumade.fr\/wp-content\/uploads\/2021\/07\/Avantages-300x199.jpg\" alt=\"coussin liberty avantages\" width=\"573\" height=\"381\" \/><\/p>\n<p><span class=\"avantagestitre\">Il vous aide \u00e0 trouver la position id\u00e9ale pour allaiter sans douleur.<\/span><\/p>\n<p><span style=\"color: #495867;\">La forme en U entoure bien la taille et vous pouvez vous-m\u00eame d\u00e9cider de la fermet\u00e9 en gonflant plus ou moins le coussin. Liberty vous permet de trouver votre position imm\u00e9diatement. Fini les coussins qui s&#8217;affaissent ou rop mous.<\/span><\/p>\n<p><span style=\"color: #495867;\">Une housse hyper confortable et lavable compos\u00e9e de tissus certifi\u00e9s Oeko-tex.<\/span><\/p>\n<\/div><\/div><\/div>\n","protected":false},"excerpt":{"rendered":"<p>Vous \u00eates professionnelle de sant\u00e9 et vous travaillez au quotidien avec des futures mamans et des mamans allaitantes ?<\/p>\n<p>Nous nous sommes rencontr\u00e9es lors de la journ\u00e9e autour de l&#8217;allaitement ou d&#8217;un congr\u00e8s m\u00e9dical et vous avez envie de vous \u00e9quiper ?<\/p>\n<p>Profitez de cette offre exceptionnelle.<\/p>\n<p>\u26a0\ufe0f Offre valable une seule fois et exclusivement r\u00e9serv\u00e9e aux sages-femmes et professionnel\u00b7le\u00b7s de sant\u00e9. Un justificatif d\u2019activit\u00e9 pourra \u00eatre demand\u00e9 afin de valider votre commande.<\/p>\n<p>&nbsp;<\/p>\n<p><strong>Transportable<\/strong><br \/>\nIl se gonfle et se d\u00e9gonfle en quelques secondes<\/p>\n<p><strong>Confortable et Ergonomique<\/strong><br \/>\nHousse matelass\u00e9e toute douce et forme id\u00e9ale pour allaiter<\/p>\n<p>Fermet\u00e9 ajustable pour s&#8217;adapter aux diff\u00e9rentes morphologies et \u00e0 l&#8217;\u00e2ge du b\u00e9b\u00e9<\/p>\n<p><strong>Multifonction<\/strong><br \/>\nPermet d&#8217;installer le b\u00e9b\u00e9, pour qu&#8217;il dorme apr\u00e8s avoir t\u00e9t\u00e9, jouer , ou faire des massages b\u00e9b\u00e9 !<\/p>\n<p>&nbsp;<\/p>\n<p>&nbsp;<\/p>\n<p>&nbsp;<\/p>\n","protected":false},"featured_media":7015,"comment_status":"open","ping_status":"closed","template":"","meta":{"_acf_changed":false},"product_brand":[],"product_cat":[102],"product_tag":[],"class_list":{"0":"post-12434","1":"product","2":"type-product","3":"status-publish","4":"has-post-thumbnail","6":"product_cat-coussin-liberty-terracotta","7":"product_shipping_class-coussin-liberty","9":"first","10":"instock","11":"sale","12":"taxable","13":"shipping-taxable","14":"purchasable","15":"product-type-variable"},"acf":[],"_links":{"self":[{"href":"https:\/\/www.mumade.fr\/de\/wp-json\/wp\/v2\/product\/12434","targetHints":{"allow":["GET"]}}],"collection":[{"href":"https:\/\/www.mumade.fr\/de\/wp-json\/wp\/v2\/product"}],"about":[{"href":"https:\/\/www.mumade.fr\/de\/wp-json\/wp\/v2\/types\/product"}],"replies":[{"embeddable":true,"href":"https:\/\/www.mumade.fr\/de\/wp-json\/wp\/v2\/comments?post=12434"}],"version-history":[{"count":7,"href":"https:\/\/www.mumade.fr\/de\/wp-json\/wp\/v2\/product\/12434\/revisions"}],"predecessor-version":[{"id":17222,"href":"https:\/\/www.mumade.fr\/de\/wp-json\/wp\/v2\/product\/12434\/revisions\/17222"}],"wp:featuredmedia":[{"embeddable":true,"href":"https:\/\/www.mumade.fr\/de\/wp-json\/wp\/v2\/media\/7015"}],"wp:attachment":[{"href":"https:\/\/www.mumade.fr\/de\/wp-json\/wp\/v2\/media?parent=12434"}],"wp:term":[{"taxonomy":"product_brand","embeddable":true,"href":"https:\/\/www.mumade.fr\/de\/wp-json\/wp\/v2\/product_brand?post=12434"},{"taxonomy":"product_cat","embeddable":true,"href":"https:\/\/www.mumade.fr\/de\/wp-json\/wp\/v2\/product_cat?post=12434"},{"taxonomy":"product_tag","embeddable":true,"href":"https:\/\/www.mumade.fr\/de\/wp-json\/wp\/v2\/product_tag?post=12434"}],"curies":[{"name":"wp","href":"https:\/\/api.w.org\/{rel}","templated":true}]}}