{"id":16123,"date":"2023-11-13T20:32:15","date_gmt":"2023-11-13T19:32:15","guid":{"rendered":"https:\/\/www.mumade.fr\/shop\/optimum-paket-liberty-kissen-1-ersatzbezug\/"},"modified":"2025-12-22T18:18:20","modified_gmt":"2025-12-22T17:18:20","slug":"optimum-paket-liberty-kissen-1-ersatzbezug","status":"publish","type":"product","link":"https:\/\/www.mumade.fr\/de\/shop\/optimum-paket-liberty-kissen-1-ersatzbezug\/","title":{"rendered":"OptiMum-Paket Liberty-Kissen + 1 Ersatzbezug"},"content":{"rendered":"<p>Zusammensetzung des Stillkissens Liberty:<\/p>\n<p>Bezug: Oeko-Tex-zertifizierte Baumwolle<\/p>\n<p>Polsterung: Oeko-Tex-zertifizierte recycelte Polyesterwatte<\/p>\n<p>Aufblasbares Innenkissen: PVC, getestet von einem unabh\u00e4ngigen Labor (Labor Pourquery)<\/p>\n","protected":false},"excerpt":{"rendered":"<p>Die Bez\u00fcge MINT, MILK und BLOOM sind im Vorverkauf. Pakete mit einem dieser Bez\u00fcge werden Anfang Juli geliefert.<\/p>\n<p>Sie m\u00f6chten ein Mumade-Kissen, k\u00f6nnen sich aber nicht f\u00fcr eine Farbe entscheiden? Wir verstehen das \u2013 alle Farbt\u00f6ne sind wundersch\u00f6n! Und da man mindestens zwei Bez\u00fcge braucht, um sie waschen und nach Belieben austauschen zu k\u00f6nnen, haben wir das perfekte Paket geschn\u00fcrt.<\/p>\n<p>Mit dem OptiMum-Paket w\u00e4hlen Sie die Farben der Bez\u00fcge, die Ihnen gefallen.<\/p>\n<p>Dieses Paket enth\u00e4lt: eine Mumade-Bou\u00e9e, 2 Bez\u00fcge Ihrer Wahl, einen Transportbeutel zum Verstauen und Mitnehmen Ihres Kissens.<\/p>\n<p>Beim Kauf eines OptiMum-Pakets \u00fcbernehmen wir die Versandkosten f\u00fcr die Lieferung an einen Paketshop.<\/p>\n<p>Achtung: Die Bez\u00fcge MINT, MILK und BLOOM sind im Vorverkauf. Pakete mit einem dieser Bez\u00fcge werden Anfang Juli geliefert.<\/p>\n","protected":false},"featured_media":14762,"comment_status":"closed","ping_status":"closed","template":"","meta":{"_acf_changed":false},"product_brand":[],"product_cat":[170],"product_tag":[],"class_list":{"0":"post-16123","1":"product","2":"type-product","3":"status-publish","4":"has-post-thumbnail","6":"product_cat-coussin-liberty-de","7":"product_shipping_class-coussin-liberty-de","9":"first","10":"instock","11":"sale","12":"taxable","13":"shipping-taxable","14":"purchasable","15":"product-type-variable"},"acf":[],"_links":{"self":[{"href":"https:\/\/www.mumade.fr\/de\/wp-json\/wp\/v2\/product\/16123","targetHints":{"allow":["GET"]}}],"collection":[{"href":"https:\/\/www.mumade.fr\/de\/wp-json\/wp\/v2\/product"}],"about":[{"href":"https:\/\/www.mumade.fr\/de\/wp-json\/wp\/v2\/types\/product"}],"replies":[{"embeddable":true,"href":"https:\/\/www.mumade.fr\/de\/wp-json\/wp\/v2\/comments?post=16123"}],"version-history":[{"count":1,"href":"https:\/\/www.mumade.fr\/de\/wp-json\/wp\/v2\/product\/16123\/revisions"}],"predecessor-version":[{"id":16160,"href":"https:\/\/www.mumade.fr\/de\/wp-json\/wp\/v2\/product\/16123\/revisions\/16160"}],"wp:featuredmedia":[{"embeddable":true,"href":"https:\/\/www.mumade.fr\/de\/wp-json\/wp\/v2\/media\/14762"}],"wp:attachment":[{"href":"https:\/\/www.mumade.fr\/de\/wp-json\/wp\/v2\/media?parent=16123"}],"wp:term":[{"taxonomy":"product_brand","embeddable":true,"href":"https:\/\/www.mumade.fr\/de\/wp-json\/wp\/v2\/product_brand?post=16123"},{"taxonomy":"product_cat","embeddable":true,"href":"https:\/\/www.mumade.fr\/de\/wp-json\/wp\/v2\/product_cat?post=16123"},{"taxonomy":"product_tag","embeddable":true,"href":"https:\/\/www.mumade.fr\/de\/wp-json\/wp\/v2\/product_tag?post=16123"}],"curies":[{"name":"wp","href":"https:\/\/api.w.org\/{rel}","templated":true}]}}