{"id":16676,"date":"2022-08-31T16:21:58","date_gmt":"2022-08-31T14:21:58","guid":{"rendered":"https:\/\/www.mumade.fr\/shop\/freemum-stilltuch-terrakotta-pink\/"},"modified":"2022-08-31T16:21:58","modified_gmt":"2022-08-31T14:21:58","slug":"freemum-stilltuch-terrakotta-pink","status":"publish","type":"product","link":"https:\/\/www.mumade.fr\/de\/shop\/freemum-stilltuch-terrakotta-pink\/","title":{"rendered":"FreeMum Stilltuch, Terrakotta-Pink"},"content":{"rendered":"<p><strong>Zusammensetzung<\/strong>: 100 % \u00d6ko-Tex-zertifizierte Baumwolle<\/p>\n<p><strong>Pflegehinweis<\/strong>: Maschinenw\u00e4sche bei 30 Grad mit \u00e4hnlichen Farben<\/p>\n<p>Lufttrocknen<\/p>\n<p>Hergestellt in Portugal<\/p>\n","protected":false},"excerpt":{"rendered":"<p>Free Mum ist ein Wickeltuch der besonderen Art.<\/p>\n<p>Es sch\u00fctzt <strong>Ihr Baby und Ihre Brust<\/strong>.<\/p>\n<p>Dank der kleinen Druckkn\u00f6pfe am Hals k\u00f6nnen Sie \u00fcberall diskret stillen.<\/p>\n<p>Es dient auch als L\u00e4tzchen.<\/p>\n<p>Ma\u00dfe: 70 x 70 cm.<\/p>\n","protected":false},"featured_media":14730,"comment_status":"closed","ping_status":"closed","template":"","meta":{"_acf_changed":false},"product_brand":[],"product_cat":[161],"product_tag":[],"class_list":{"0":"post-16676","1":"product","2":"type-product","3":"status-publish","4":"has-post-thumbnail","6":"product_cat-non-categorise","8":"first","9":"instock","10":"taxable","11":"shipping-taxable","12":"purchasable","13":"product-type-simple"},"acf":[],"_links":{"self":[{"href":"https:\/\/www.mumade.fr\/de\/wp-json\/wp\/v2\/product\/16676","targetHints":{"allow":["GET"]}}],"collection":[{"href":"https:\/\/www.mumade.fr\/de\/wp-json\/wp\/v2\/product"}],"about":[{"href":"https:\/\/www.mumade.fr\/de\/wp-json\/wp\/v2\/types\/product"}],"replies":[{"embeddable":true,"href":"https:\/\/www.mumade.fr\/de\/wp-json\/wp\/v2\/comments?post=16676"}],"version-history":[{"count":0,"href":"https:\/\/www.mumade.fr\/de\/wp-json\/wp\/v2\/product\/16676\/revisions"}],"wp:featuredmedia":[{"embeddable":true,"href":"https:\/\/www.mumade.fr\/de\/wp-json\/wp\/v2\/media\/14730"}],"wp:attachment":[{"href":"https:\/\/www.mumade.fr\/de\/wp-json\/wp\/v2\/media?parent=16676"}],"wp:term":[{"taxonomy":"product_brand","embeddable":true,"href":"https:\/\/www.mumade.fr\/de\/wp-json\/wp\/v2\/product_brand?post=16676"},{"taxonomy":"product_cat","embeddable":true,"href":"https:\/\/www.mumade.fr\/de\/wp-json\/wp\/v2\/product_cat?post=16676"},{"taxonomy":"product_tag","embeddable":true,"href":"https:\/\/www.mumade.fr\/de\/wp-json\/wp\/v2\/product_tag?post=16676"}],"curies":[{"name":"wp","href":"https:\/\/api.w.org\/{rel}","templated":true}]}}