{"id":16677,"date":"2021-10-26T13:46:18","date_gmt":"2021-10-26T11:46:18","guid":{"rendered":"https:\/\/www.mumade.fr\/shop\/freemum-celadon-nursing-cover\/"},"modified":"2025-08-27T15:43:50","modified_gmt":"2025-08-27T13:43:50","slug":"freemum-celadon-nursing-cover","status":"publish","type":"product","link":"https:\/\/www.mumade.fr\/de\/shop\/freemum-celadon-nursing-cover\/","title":{"rendered":"FreeMum Seladon-Stilltuch"},"content":{"rendered":"<p>Zusammensetzung: 100 % \u00d6ko-Tex-zertifizierte Baumwolle<\/p>\n<p>Pflegehinweis: Maschinenw\u00e4sche bei 30 Grad mit \u00e4hnlichen Farben<\/p>\n<p>Lufttrocknen<\/p>\n<p>Hergestellt in Portugal<\/p>\n","protected":false},"excerpt":{"rendered":"<p>Free Mum ist ein Wickeltuch wie kein anderes.<\/p>\n<p>Es bedeckt Ihr Baby oder Ihre Brust (70 cm x 90 cm).<\/p>\n<p>Dank der kleinen Druckkn\u00f6pfe, die um den Hals befestigt werden, k\u00f6nnen Sie \u00fcberall diskret stillen.<\/p>\n<p>Es dient auch als L\u00e4tzchen.<\/p>\n","protected":false},"featured_media":14330,"comment_status":"closed","ping_status":"closed","template":"","meta":{"_acf_changed":false},"product_brand":[],"product_cat":[161],"product_tag":[],"class_list":{"0":"post-16677","1":"product","2":"type-product","3":"status-publish","4":"has-post-thumbnail","6":"product_cat-non-categorise","7":"product_shipping_class-swaddle","9":"first","10":"instock","11":"taxable","12":"shipping-taxable","13":"purchasable","14":"product-type-simple"},"acf":[],"_links":{"self":[{"href":"https:\/\/www.mumade.fr\/de\/wp-json\/wp\/v2\/product\/16677","targetHints":{"allow":["GET"]}}],"collection":[{"href":"https:\/\/www.mumade.fr\/de\/wp-json\/wp\/v2\/product"}],"about":[{"href":"https:\/\/www.mumade.fr\/de\/wp-json\/wp\/v2\/types\/product"}],"replies":[{"embeddable":true,"href":"https:\/\/www.mumade.fr\/de\/wp-json\/wp\/v2\/comments?post=16677"}],"version-history":[{"count":1,"href":"https:\/\/www.mumade.fr\/de\/wp-json\/wp\/v2\/product\/16677\/revisions"}],"predecessor-version":[{"id":16678,"href":"https:\/\/www.mumade.fr\/de\/wp-json\/wp\/v2\/product\/16677\/revisions\/16678"}],"wp:featuredmedia":[{"embeddable":true,"href":"https:\/\/www.mumade.fr\/de\/wp-json\/wp\/v2\/media\/14330"}],"wp:attachment":[{"href":"https:\/\/www.mumade.fr\/de\/wp-json\/wp\/v2\/media?parent=16677"}],"wp:term":[{"taxonomy":"product_brand","embeddable":true,"href":"https:\/\/www.mumade.fr\/de\/wp-json\/wp\/v2\/product_brand?post=16677"},{"taxonomy":"product_cat","embeddable":true,"href":"https:\/\/www.mumade.fr\/de\/wp-json\/wp\/v2\/product_cat?post=16677"},{"taxonomy":"product_tag","embeddable":true,"href":"https:\/\/www.mumade.fr\/de\/wp-json\/wp\/v2\/product_tag?post=16677"}],"curies":[{"name":"wp","href":"https:\/\/api.w.org\/{rel}","templated":true}]}}