{"id":16860,"date":"2021-07-20T09:07:43","date_gmt":"2021-07-20T07:07:43","guid":{"rendered":"https:\/\/www.mumade.fr\/shop\/coussin-dallaitement-liberty\/"},"modified":"2025-09-01T14:31:28","modified_gmt":"2025-09-01T12:31:28","slug":"liberty-stillkissen","status":"publish","type":"product","link":"https:\/\/www.mumade.fr\/de\/shop\/liberty-stillkissen\/","title":{"rendered":"Aufblasbares Stillkissen in Seladon"},"content":{"rendered":"<div class=\"su-row\"><div class=\"su-column su-column-size-1-2 paddingavantage\"><div class=\"su-column-inner su-u-clearfix su-u-trim\"><img fetchpriority=\"high\" decoding=\"async\" class=\"imgtabs\" src=\"https:\/\/www.mumade.fr\/wp-content\/uploads\/2021\/07\/Avantages-300x199.jpg\" alt=\"coussin liberty avantages\" width=\"573\" height=\"381\" \/><\/p>\n<p><span class=\"avantagestitre\">Il vous aide \u00e0 trouver la position id\u00e9ale pour allaiter sans douleur.<\/span><\/p>\n<p><span style=\"color: #495867;\">La forme en C entoure bien la taille et vous pouvez vous-m\u00eame d\u00e9cider de la fermet\u00e9 en gonflant plus ou moins le coussin. Liberty vous permet de trouver votre position imm\u00e9diatement. Fini les coussins qui s&#8217;affaissent ou rop mous.<\/span><\/p>\n<p>Une housse hyper confortable et lavable compos\u00e9e de tissus certifi\u00e9s Oeko-tex.<\/p>\n<\/div><\/div>\n<div class=\"su-column su-column-size-1-2 paddingavantage\"><div class=\"su-column-inner su-u-clearfix su-u-trim\">\n<p><img fetchpriority=\"high\" decoding=\"async\" class=\"imgtabs\" src=\"https:\/\/www.mumade.fr\/wp-content\/uploads\/2021\/07\/Avantages-300x199.jpg\" alt=\"coussin liberty avantages\" width=\"573\" height=\"381\" \/><\/p>\n<p><span class=\"avantagestitre\">Il vous aide \u00e0 trouver la position id\u00e9ale pour allaiter sans douleur.<\/span><\/p>\n<p><span style=\"color: #495867;\">La forme en C entoure bien la taille et vous pouvez vous-m\u00eame d\u00e9cider de la fermet\u00e9 en gonflant plus ou moins le coussin. Liberty vous permet de trouver votre position imm\u00e9diatement. Fini les coussins qui s&#8217;affaissent ou rop mous.<\/span><\/p>\n<p><span style=\"color: #495867;\">Une housse hyper confortable et lavable compos\u00e9e de tissus certifi\u00e9s Oeko-tex.<\/span><\/p>\n<\/div><\/div><\/div>\n","protected":false},"excerpt":{"rendered":"<p>Liberty ist das praktischste und innovativste Stillkissen.<\/p>\n<p>&nbsp;<\/p>\n<p><strong>Transportabel<\/strong><\/p>\n<p>&nbsp;<\/p>\n<p>Es l\u00e4sst sich in Sekunden aufblasen und entleeren<\/p>\n<p><strong>Bequem und verstellbar<\/strong><\/p>\n<p>&nbsp;<\/p>\n<p>Weicher Steppbezug und ideale Form zum Stillen<\/p>\n<p><b>Skalierbar<\/b><\/p>\n<p>&nbsp;<\/p>\n<p>Lassen Sie Ihr Kind irgendwo zur Ruhe kommen und machen Sie eine Verschnaufpause.<\/p>\n<p><em>\u00a0<\/em><\/p>\n<p><em>Tipp: Stillen Sie in absoluter Privatsph\u00e4re mit dem KOSTENLOSEN MUM-Wickeltuch. Es wird um Ihren Hals befestigt und bedeckt Ihre Brust.<\/em><\/p>\n<p><em>\u00a0<\/em><\/p>\n<p>&nbsp;<\/p>\n","protected":false},"featured_media":16839,"comment_status":"open","ping_status":"closed","template":"","meta":{"_acf_changed":false},"product_brand":[],"product_cat":[170],"product_tag":[],"class_list":{"0":"post-16860","1":"product","2":"type-product","3":"status-publish","4":"has-post-thumbnail","6":"product_cat-coussin-liberty-de","7":"product_shipping_class-coussin-liberty-de","9":"first","10":"outofstock","11":"taxable","12":"shipping-taxable","13":"purchasable","14":"product-type-simple"},"acf":[],"_links":{"self":[{"href":"https:\/\/www.mumade.fr\/de\/wp-json\/wp\/v2\/product\/16860","targetHints":{"allow":["GET"]}}],"collection":[{"href":"https:\/\/www.mumade.fr\/de\/wp-json\/wp\/v2\/product"}],"about":[{"href":"https:\/\/www.mumade.fr\/de\/wp-json\/wp\/v2\/types\/product"}],"replies":[{"embeddable":true,"href":"https:\/\/www.mumade.fr\/de\/wp-json\/wp\/v2\/comments?post=16860"}],"version-history":[{"count":1,"href":"https:\/\/www.mumade.fr\/de\/wp-json\/wp\/v2\/product\/16860\/revisions"}],"predecessor-version":[{"id":16862,"href":"https:\/\/www.mumade.fr\/de\/wp-json\/wp\/v2\/product\/16860\/revisions\/16862"}],"wp:featuredmedia":[{"embeddable":true,"href":"https:\/\/www.mumade.fr\/de\/wp-json\/wp\/v2\/media\/16839"}],"wp:attachment":[{"href":"https:\/\/www.mumade.fr\/de\/wp-json\/wp\/v2\/media?parent=16860"}],"wp:term":[{"taxonomy":"product_brand","embeddable":true,"href":"https:\/\/www.mumade.fr\/de\/wp-json\/wp\/v2\/product_brand?post=16860"},{"taxonomy":"product_cat","embeddable":true,"href":"https:\/\/www.mumade.fr\/de\/wp-json\/wp\/v2\/product_cat?post=16860"},{"taxonomy":"product_tag","embeddable":true,"href":"https:\/\/www.mumade.fr\/de\/wp-json\/wp\/v2\/product_tag?post=16860"}],"curies":[{"name":"wp","href":"https:\/\/api.w.org\/{rel}","templated":true}]}}