{"id":4459,"date":"2021-12-07T12:03:10","date_gmt":"2021-12-07T11:03:10","guid":{"rendered":"https:\/\/www.mumade.fr\/?post_type=product&#038;p=4459"},"modified":"2026-02-22T14:10:05","modified_gmt":"2026-02-22T13:10:05","slug":"louer-votre-coussin-mumade","status":"publish","type":"product","link":"https:\/\/www.mumade.fr\/de\/shop\/louer-votre-coussin-mumade\/","title":{"rendered":"Louer votre coussin Mumade"},"content":{"rendered":"","protected":false},"excerpt":{"rendered":"<p>&nbsp;<\/p>\n<p>Vous pr\u00e9f\u00e9rez louer plut\u00f4t qu\u2019acheter ?<br \/>\n\u00c7a tombe bien ! Nous vous proposons un service de location au mois pour une dur\u00e9e minimum de 2 mois.<br \/>\nCe service est disponible en France m\u00e9tropolitaine (Corse comprise).<\/p>\n<div>Le <a href=\"\/shop\/coussin-dallaitement-liberty\/\" target=\"_blank\" rel=\"noopener\">coussin Liberty<\/a> est le premier coussin d&#8217;allaitement modulable, stable et gonflable : pratique et transportable pour les parents nomades.<\/div>\n<div><\/div>\n<div>Les mod\u00e8les disponibles \u00e0 la location actuellement sont le mod\u00e8le gonflable <strong>terracota, Mint, Milk et Bloom.\u00a0<\/strong><\/div>\n<p>&nbsp;<\/p>\n<p><em>Si vous d\u00e9sirez une housse suppl\u00e9mentaire, choisissez l\u2019offre coussin + housse de rechange. Ainsi vous ne serez jamais en panne de coussin, m\u00eame lorsque vous devez passer la housse \u00e0 la machine !<\/em><\/p>\n","protected":false},"featured_media":13232,"comment_status":"closed","ping_status":"closed","template":"","meta":{"_acf_changed":false},"product_brand":[],"product_cat":[62,48,47],"product_tag":[],"class_list":{"0":"post-4459","1":"product","2":"type-product","3":"status-publish","4":"has-post-thumbnail","6":"product_cat-location","7":"product_cat-coussin-cocoon","8":"product_cat-coussin-liberty","9":"product_shipping_class-loc-cocoon","11":"first","12":"instock","13":"sold-individually","14":"taxable","15":"shipping-taxable","16":"purchasable","17":"product-type-variable-subscription"},"acf":[],"_links":{"self":[{"href":"https:\/\/www.mumade.fr\/de\/wp-json\/wp\/v2\/product\/4459","targetHints":{"allow":["GET"]}}],"collection":[{"href":"https:\/\/www.mumade.fr\/de\/wp-json\/wp\/v2\/product"}],"about":[{"href":"https:\/\/www.mumade.fr\/de\/wp-json\/wp\/v2\/types\/product"}],"replies":[{"embeddable":true,"href":"https:\/\/www.mumade.fr\/de\/wp-json\/wp\/v2\/comments?post=4459"}],"version-history":[{"count":13,"href":"https:\/\/www.mumade.fr\/de\/wp-json\/wp\/v2\/product\/4459\/revisions"}],"predecessor-version":[{"id":18449,"href":"https:\/\/www.mumade.fr\/de\/wp-json\/wp\/v2\/product\/4459\/revisions\/18449"}],"wp:featuredmedia":[{"embeddable":true,"href":"https:\/\/www.mumade.fr\/de\/wp-json\/wp\/v2\/media\/13232"}],"wp:attachment":[{"href":"https:\/\/www.mumade.fr\/de\/wp-json\/wp\/v2\/media?parent=4459"}],"wp:term":[{"taxonomy":"product_brand","embeddable":true,"href":"https:\/\/www.mumade.fr\/de\/wp-json\/wp\/v2\/product_brand?post=4459"},{"taxonomy":"product_cat","embeddable":true,"href":"https:\/\/www.mumade.fr\/de\/wp-json\/wp\/v2\/product_cat?post=4459"},{"taxonomy":"product_tag","embeddable":true,"href":"https:\/\/www.mumade.fr\/de\/wp-json\/wp\/v2\/product_tag?post=4459"}],"curies":[{"name":"wp","href":"https:\/\/api.w.org\/{rel}","templated":true}]}}