{"id":5987,"date":"2022-04-05T17:07:57","date_gmt":"2022-04-05T15:07:57","guid":{"rendered":"https:\/\/www.mumade.fr\/?post_type=product&#038;p=5987"},"modified":"2025-02-13T15:51:37","modified_gmt":"2025-02-13T14:51:37","slug":"collier-dallaitement-milk","status":"publish","type":"product","link":"https:\/\/www.mumade.fr\/de\/shop\/collier-dallaitement-milk\/","title":{"rendered":"Collier d&#8217;allaitement, portage et dentition Milk"},"content":{"rendered":"<p><strong>Composition<\/strong> : Les perles sont r\u00e9alis\u00e9s en silicone alimentaire.<\/p>\n<p>Gr\u00e2ce \u00e0 son fermoir s\u00e9curis\u00e9, le collier s\u2019ouvre seulement sous une forte pression, limitant ainsi les risques de casse.<\/p>\n<p><strong><br \/>\nEntretien\u00a0<\/strong>: Lavage \u00e0 l\u2019eau ti\u00e8de savonneuse, au lave-vaisselle ou au st\u00e9rilisateur.<\/p>\n<p>&nbsp;<\/p>\n<p><strong>Dessin\u00e9 et assembl\u00e9 en France. Les mati\u00e8res premi\u00e8res proviennent de Chine.\u00a0<\/strong><\/p>\n<p>&nbsp;<\/p>\n<p>&nbsp;<\/p>\n","protected":false},"excerpt":{"rendered":"<p><span style=\"font-weight: 400;\">Le collier d&#8217;allaitement Milk de Minty Wendy est un incontournable pour occuper b\u00e9b\u00e9 pendant l&#8217;allaitement.<\/span><\/p>\n<p>&nbsp;<\/p>\n<p>Gr\u00e2ce \u00e0 sa texture agr\u00e9able au toucher et les diff\u00e9rentes formes de perles, <strong>b\u00e9b\u00e9 pourra s&#8217;amuser \u00e0 attraper le collier durant la t\u00e9t\u00e9e<\/strong>. Le collier attirera son attention et r\u00e9duira les risques pour la maman de se faire pincer ou tirer les cheveux.<\/p>\n<p>&nbsp;<\/p>\n<p>C&#8217;est aussi un <strong>collier de portage<\/strong> et de <strong>dentition<\/strong> qui participe \u00e0 d\u00e9velopper les sens de l&#8217;enfant. B\u00e9b\u00e9 pourra le m\u00e2chouiller et gr\u00e2ce \u00e0 sa composition en silicone alimentaire, il n&#8217;y a aucun risque pour sa sant\u00e9.<\/p>\n<p>&nbsp;<\/p>\n","protected":false},"featured_media":5992,"comment_status":"closed","ping_status":"closed","template":"","meta":{"_acf_changed":false},"product_brand":[],"product_cat":[81],"product_tag":[],"class_list":{"0":"post-5987","1":"product","2":"type-product","3":"status-publish","4":"has-post-thumbnail","6":"product_cat-collier-milk","7":"product_shipping_class-collier","9":"first","10":"outofstock","11":"taxable","12":"shipping-taxable","13":"purchasable","14":"product-type-simple"},"acf":[],"_links":{"self":[{"href":"https:\/\/www.mumade.fr\/de\/wp-json\/wp\/v2\/product\/5987","targetHints":{"allow":["GET"]}}],"collection":[{"href":"https:\/\/www.mumade.fr\/de\/wp-json\/wp\/v2\/product"}],"about":[{"href":"https:\/\/www.mumade.fr\/de\/wp-json\/wp\/v2\/types\/product"}],"replies":[{"embeddable":true,"href":"https:\/\/www.mumade.fr\/de\/wp-json\/wp\/v2\/comments?post=5987"}],"version-history":[{"count":7,"href":"https:\/\/www.mumade.fr\/de\/wp-json\/wp\/v2\/product\/5987\/revisions"}],"predecessor-version":[{"id":10985,"href":"https:\/\/www.mumade.fr\/de\/wp-json\/wp\/v2\/product\/5987\/revisions\/10985"}],"wp:featuredmedia":[{"embeddable":true,"href":"https:\/\/www.mumade.fr\/de\/wp-json\/wp\/v2\/media\/5992"}],"wp:attachment":[{"href":"https:\/\/www.mumade.fr\/de\/wp-json\/wp\/v2\/media?parent=5987"}],"wp:term":[{"taxonomy":"product_brand","embeddable":true,"href":"https:\/\/www.mumade.fr\/de\/wp-json\/wp\/v2\/product_brand?post=5987"},{"taxonomy":"product_cat","embeddable":true,"href":"https:\/\/www.mumade.fr\/de\/wp-json\/wp\/v2\/product_cat?post=5987"},{"taxonomy":"product_tag","embeddable":true,"href":"https:\/\/www.mumade.fr\/de\/wp-json\/wp\/v2\/product_tag?post=5987"}],"curies":[{"name":"wp","href":"https:\/\/api.w.org\/{rel}","templated":true}]}}