{"id":7204,"date":"2022-10-06T09:41:31","date_gmt":"2022-10-06T07:41:31","guid":{"rendered":"https:\/\/www.mumade.fr\/?post_type=product&#038;p=7204"},"modified":"2025-02-13T15:59:07","modified_gmt":"2025-02-13T14:59:07","slug":"hochet-bois-dada-bird-cadeau-naissance","status":"publish","type":"product","link":"https:\/\/www.mumade.fr\/de\/shop\/hochet-bois-dada-bird-cadeau-naissance\/","title":{"rendered":"Hochet en bois naturel BIRD"},"content":{"rendered":"<p><strong>Composition<\/strong> : Le hochet est fabriqu\u00e9 en bois de h\u00eatre\u00a0 fran\u00e7ais et 100% naturel. Aucun vernis, traitement ou peinture n&#8217;a \u00e9t\u00e9 utilis\u00e9.<\/p>\n<p><strong>8 x 9 cm<\/strong><\/p>\n<p>&nbsp;<\/p>\n<p><strong>Dessin\u00e9, fabriqu\u00e9 et assembl\u00e9 \u00e0 la main dans le nord de la France.<\/strong><\/p>\n","protected":false},"excerpt":{"rendered":"<p><span style=\"font-weight: 400;\">BIRD, un <strong>hochet en bois de h\u00eatre<\/strong> fait pour \u00e9veiller, amuser et r\u00e9veiller la cr\u00e9ativit\u00e9 de nos b\u00e9b\u00e9s. <strong>Compos\u00e9 \u00e0 la main dans le nord de la France <\/strong>par la marque<strong>KMR Childwood avec du bois fran\u00e7ais et non trait\u00e9<\/strong>, le hochet DADA BIRD est con\u00e7u pour durer et participer aux 1001 histoires de votre enfant.<\/span><\/p>\n<p><span style=\"font-weight: 400;\"><br \/>\nUn retour au naturel, \u00e0 la simplicit\u00e9 et \u00e0 la po\u00e9sie comme on aime pour le bien-\u00eatre de nos tout petits. \u00c0 m\u00e2chouiller et \u00e0 agiter sans mod\u00e9ration !<\/span><\/p>\n<p>&nbsp;<\/p>\n<p>Restez prudents, ne laissez pas vos enfants jouer sans surveillance.<\/p>\n","protected":false},"featured_media":7206,"comment_status":"closed","ping_status":"closed","template":"","meta":{"_acf_changed":false},"product_brand":[],"product_cat":[97],"product_tag":[],"class_list":{"0":"post-7204","1":"product","2":"type-product","3":"status-publish","4":"has-post-thumbnail","6":"product_cat-hochet-musch","7":"product_shipping_class-collier","9":"first","10":"instock","11":"sale","12":"taxable","13":"shipping-taxable","14":"purchasable","15":"product-type-simple"},"acf":[],"_links":{"self":[{"href":"https:\/\/www.mumade.fr\/de\/wp-json\/wp\/v2\/product\/7204","targetHints":{"allow":["GET"]}}],"collection":[{"href":"https:\/\/www.mumade.fr\/de\/wp-json\/wp\/v2\/product"}],"about":[{"href":"https:\/\/www.mumade.fr\/de\/wp-json\/wp\/v2\/types\/product"}],"replies":[{"embeddable":true,"href":"https:\/\/www.mumade.fr\/de\/wp-json\/wp\/v2\/comments?post=7204"}],"version-history":[{"count":7,"href":"https:\/\/www.mumade.fr\/de\/wp-json\/wp\/v2\/product\/7204\/revisions"}],"predecessor-version":[{"id":11822,"href":"https:\/\/www.mumade.fr\/de\/wp-json\/wp\/v2\/product\/7204\/revisions\/11822"}],"wp:featuredmedia":[{"embeddable":true,"href":"https:\/\/www.mumade.fr\/de\/wp-json\/wp\/v2\/media\/7206"}],"wp:attachment":[{"href":"https:\/\/www.mumade.fr\/de\/wp-json\/wp\/v2\/media?parent=7204"}],"wp:term":[{"taxonomy":"product_brand","embeddable":true,"href":"https:\/\/www.mumade.fr\/de\/wp-json\/wp\/v2\/product_brand?post=7204"},{"taxonomy":"product_cat","embeddable":true,"href":"https:\/\/www.mumade.fr\/de\/wp-json\/wp\/v2\/product_cat?post=7204"},{"taxonomy":"product_tag","embeddable":true,"href":"https:\/\/www.mumade.fr\/de\/wp-json\/wp\/v2\/product_tag?post=7204"}],"curies":[{"name":"wp","href":"https:\/\/api.w.org\/{rel}","templated":true}]}}