{"id":9655,"date":"2023-12-09T20:28:59","date_gmt":"2023-12-09T19:28:59","guid":{"rendered":"https:\/\/www.mumade.fr\/?post_type=product&#038;p=9655"},"modified":"2025-07-01T17:37:42","modified_gmt":"2025-07-01T15:37:42","slug":"clip-dallaitement-accessoire-pour-allaiter","status":"publish","type":"product","link":"https:\/\/www.mumade.fr\/de\/shop\/clip-dallaitement-accessoire-pour-allaiter\/","title":{"rendered":"Clip d&#8217;allaitement"},"content":{"rendered":"<p><strong>Composition<\/strong> : bracelet cousu \u00e0 partir des tissus du lange et du coussin. 100% coton Oekotex<\/p>\n<p><strong>Entretien : \u00a0<\/strong>lavage en machine \u00e0 laver autoris\u00e9e<\/p>\n<p>&nbsp;<\/p>\n<p><strong>Con\u00e7u et fabriqu\u00e9 en France\u00a0<\/strong><\/p>\n","protected":false},"excerpt":{"rendered":"<p><span style=\"font-weight: 400;\"><strong>Epuis\u00e9\u00a0<\/strong><\/span><\/p>\n<p><span style=\"font-weight: 400;\">D\u00e9couvrez notre nouvel accessoire pratique pour vous aider \u00e0 allaiter. Tr\u00e8s simple et \u00a0astucieux, il a deux utilit\u00e9s :<\/span><\/p>\n<p><span style=\"font-weight: 400;\">En <strong>bracelet<\/strong>, portez le au poignet pour vous rappeler <strong>quel sein vous avez donn\u00e9.<\/strong><\/span><\/p>\n<p><span style=\"font-weight: 400;\">En <strong>clip<\/strong> pendant la t\u00e9t\u00e9e, accrochez-le \u00e0 votre haut pour <strong>maintenir votre t-shirt<\/strong> et avoir les mains libres<\/span><\/p>\n<p>&nbsp;<\/p>\n<p><span style=\"font-weight: 400;\">Il est fabriqu\u00e9 \u00e0 c\u00f4t\u00e9 de Biarritz \u00e0 partir des chutes de tissus de nos coussins et de nos langes. Zero gaspillage et super pratique !<\/span><\/p>\n<p>Fermeture par simple pression<\/p>\n<p>&nbsp;<\/p>\n<p>&nbsp;<\/p>\n","protected":false},"featured_media":9971,"comment_status":"closed","ping_status":"closed","template":"","meta":{"_acf_changed":false},"product_brand":[],"product_cat":[99,28],"product_tag":[],"class_list":{"0":"post-9655","1":"product","2":"type-product","3":"status-publish","4":"has-post-thumbnail","6":"product_cat-hochet-dada-bird","7":"product_cat-non-classe","8":"product_shipping_class-collier","10":"first","11":"outofstock","12":"taxable","13":"shipping-taxable","14":"purchasable","15":"product-type-variable"},"acf":[],"_links":{"self":[{"href":"https:\/\/www.mumade.fr\/de\/wp-json\/wp\/v2\/product\/9655","targetHints":{"allow":["GET"]}}],"collection":[{"href":"https:\/\/www.mumade.fr\/de\/wp-json\/wp\/v2\/product"}],"about":[{"href":"https:\/\/www.mumade.fr\/de\/wp-json\/wp\/v2\/types\/product"}],"replies":[{"embeddable":true,"href":"https:\/\/www.mumade.fr\/de\/wp-json\/wp\/v2\/comments?post=9655"}],"version-history":[{"count":5,"href":"https:\/\/www.mumade.fr\/de\/wp-json\/wp\/v2\/product\/9655\/revisions"}],"predecessor-version":[{"id":13888,"href":"https:\/\/www.mumade.fr\/de\/wp-json\/wp\/v2\/product\/9655\/revisions\/13888"}],"wp:featuredmedia":[{"embeddable":true,"href":"https:\/\/www.mumade.fr\/de\/wp-json\/wp\/v2\/media\/9971"}],"wp:attachment":[{"href":"https:\/\/www.mumade.fr\/de\/wp-json\/wp\/v2\/media?parent=9655"}],"wp:term":[{"taxonomy":"product_brand","embeddable":true,"href":"https:\/\/www.mumade.fr\/de\/wp-json\/wp\/v2\/product_brand?post=9655"},{"taxonomy":"product_cat","embeddable":true,"href":"https:\/\/www.mumade.fr\/de\/wp-json\/wp\/v2\/product_cat?post=9655"},{"taxonomy":"product_tag","embeddable":true,"href":"https:\/\/www.mumade.fr\/de\/wp-json\/wp\/v2\/product_tag?post=9655"}],"curies":[{"name":"wp","href":"https:\/\/api.w.org\/{rel}","templated":true}]}}