{"id":11284,"date":"2024-07-02T15:18:13","date_gmt":"2024-07-02T13:18:13","guid":{"rendered":"https:\/\/www.mumade.fr\/?post_type=product&#038;p=11284"},"modified":"2025-09-30T09:12:26","modified_gmt":"2025-09-30T07:12:26","slug":"liberty-terracota-2","status":"publish","type":"product","link":"https:\/\/www.mumade.fr\/en\/shop\/liberty-terracota-2\/","title":{"rendered":"Liberty terracota TBE"},"content":{"rendered":"<p><strong>Composition<\/strong>\u00a0<strong>du coussin d&#8217;allaitement Liberty<\/strong>\u00a0:<\/p>\n<p>Housse\u00a0: coton certifi\u00e9 Oeko tex<\/p>\n<p>Matelassage\u00a0: ouate de polyester recycl\u00e9e certifi\u00e9e Oeko-tex<\/p>\n<p>Int\u00e9rieur gonflable en PVC<\/p>\n<p>Pochon : coton certifi\u00e9 Oeko tex<\/p>\n<p>Test\u00e9 par un laboratoire ind\u00e9pendant<\/p>\n","protected":false},"excerpt":{"rendered":"<p><strong>Last chance !<\/strong><\/p>\n<p>Coussin d&#8217;allaitement gonflable : mod\u00e8le Liberty Terracota.<\/p>\n<p>Il s&#8217;agit d&#8217;un <strong>produit d&#8217;occasion mais en excellent \u00e9tat.<\/strong><\/p>\n<p>Il a \u00e9t\u00e9 lou\u00e9, puis reconditionn\u00e9, c&#8217;est \u00e0 dire v\u00e9rifi\u00e9, d\u00e9sinfect\u00e9 et lav\u00e9 par nos soins. La bou\u00e9e a \u00e9t\u00e9 chang\u00e9e et est neuve.<\/p>\n<p>La housse ne pr\u00e9sente pas de d\u00e9faut.<\/p>\n<p>Attention : les articles de la page last chance ne sont ni repris ni \u00e9chang\u00e9s.<\/p>\n<p>&nbsp;<\/p>\n<p>&nbsp;<\/p>\n<p>&nbsp;<\/p>\n<p>&nbsp;<\/p>\n<p>&nbsp;<\/p>\n","protected":false},"featured_media":11780,"comment_status":"closed","ping_status":"closed","template":"","meta":{"_acf_changed":false},"product_brand":[],"product_cat":[28],"product_tag":[],"class_list":{"0":"post-11284","1":"product","2":"type-product","3":"status-publish","4":"has-post-thumbnail","6":"product_cat-non-classe","7":"product_shipping_class-coussin-liberty","9":"first","10":"outofstock","11":"sale","12":"taxable","13":"shipping-taxable","14":"purchasable","15":"product-type-simple"},"acf":[],"_links":{"self":[{"href":"https:\/\/www.mumade.fr\/en\/wp-json\/wp\/v2\/product\/11284","targetHints":{"allow":["GET"]}}],"collection":[{"href":"https:\/\/www.mumade.fr\/en\/wp-json\/wp\/v2\/product"}],"about":[{"href":"https:\/\/www.mumade.fr\/en\/wp-json\/wp\/v2\/types\/product"}],"replies":[{"embeddable":true,"href":"https:\/\/www.mumade.fr\/en\/wp-json\/wp\/v2\/comments?post=11284"}],"version-history":[{"count":6,"href":"https:\/\/www.mumade.fr\/en\/wp-json\/wp\/v2\/product\/11284\/revisions"}],"predecessor-version":[{"id":17048,"href":"https:\/\/www.mumade.fr\/en\/wp-json\/wp\/v2\/product\/11284\/revisions\/17048"}],"wp:featuredmedia":[{"embeddable":true,"href":"https:\/\/www.mumade.fr\/en\/wp-json\/wp\/v2\/media\/11780"}],"wp:attachment":[{"href":"https:\/\/www.mumade.fr\/en\/wp-json\/wp\/v2\/media?parent=11284"}],"wp:term":[{"taxonomy":"product_brand","embeddable":true,"href":"https:\/\/www.mumade.fr\/en\/wp-json\/wp\/v2\/product_brand?post=11284"},{"taxonomy":"product_cat","embeddable":true,"href":"https:\/\/www.mumade.fr\/en\/wp-json\/wp\/v2\/product_cat?post=11284"},{"taxonomy":"product_tag","embeddable":true,"href":"https:\/\/www.mumade.fr\/en\/wp-json\/wp\/v2\/product_tag?post=11284"}],"curies":[{"name":"wp","href":"https:\/\/api.w.org\/{rel}","templated":true}]}}