{"id":13216,"date":"2025-04-29T15:50:04","date_gmt":"2025-04-29T13:50:04","guid":{"rendered":"https:\/\/www.mumade.fr\/?post_type=product&#038;p=13216"},"modified":"2026-02-22T14:07:09","modified_gmt":"2026-02-22T13:07:09","slug":"housse-de-coussin-de-rechange-mint","status":"publish","type":"product","link":"https:\/\/www.mumade.fr\/en\/shop\/housse-de-coussin-de-rechange-mint\/","title":{"rendered":"Housse de coussin de rechange MINT"},"content":{"rendered":"\t\t<div data-elementor-type=\"product-post\" data-elementor-id=\"13216\" class=\"elementor elementor-13216\" data-elementor-post-type=\"product\">\n\t\t\t\t\t\t<section class=\"elementor-section elementor-top-section elementor-element elementor-element-3d6a9e4d elementor-section-boxed elementor-section-height-default elementor-section-height-default\" data-id=\"3d6a9e4d\" data-element_type=\"section\" data-e-type=\"section\">\n\t\t\t\t\t\t<div class=\"elementor-container elementor-column-gap-default\">\n\t\t\t\t\t<div class=\"elementor-column elementor-col-100 elementor-top-column elementor-element elementor-element-3d043845\" data-id=\"3d043845\" data-element_type=\"column\" data-e-type=\"column\">\n\t\t\t<div class=\"elementor-widget-wrap elementor-element-populated\">\n\t\t\t\t\t\t<div class=\"elementor-element elementor-element-37d274b elementor-widget elementor-widget-text-editor\" data-id=\"37d274b\" data-element_type=\"widget\" data-e-type=\"widget\" data-widget_type=\"text-editor.default\">\n\t\t\t\t<div class=\"elementor-widget-container\">\n\t\t\t\t\t\t\t\t\t<p><b>Composition : <\/b>C<span style=\"font-weight: 400;\">oton certifi\u00e9 Oeko-tex et ouate de polyester recycl\u00e9e.<\/span><\/p>\n<p><\/p>\n<p><b>Entretien : <\/b>Lavage en machine \u00e0 froid. Laver s\u00e9par\u00e9ment et sur l&#8217;envers.&nbsp;<\/p>\n<p><span style=\"font-weight: 400;\">S\u00e9chage \u00e0 l\u2019air libre \u00e0 plat<\/span><\/p>\n<p><span style=\"font-weight: 400;\">\u00c9viter le s\u00e8che-linge&nbsp;<\/span><\/p>\n<p><span style=\"font-weight: 400;\">Respecter les consignes de lavage pour prolonger la dur\u00e9e de vie de la housse&nbsp;<\/span><\/p>\t\t\t\t\t\t\t\t<\/div>\n\t\t\t\t<\/div>\n\t\t\t\t\t<\/div>\n\t\t<\/div>\n\t\t\t\t\t<\/div>\n\t\t<\/section>\n\t\t\t\t<\/div>\n\t\t","protected":false},"excerpt":{"rendered":"<p class=\"\" data-start=\"434\" data-end=\"805\">Laissez entrer la fra\u00eecheur printani\u00e8re dans votre quotidien de maman avec notre nouvelle <strong data-start=\"553\" data-end=\"575\">housse MINT <\/strong>\u00a0imagin\u00e9e pour sublimer votre coussin d\u2019allaitement Mumade.<br data-start=\"635\" data-end=\"638\" \/>Si vous aimez les teintes m\u00e9diterran\u00e9ennes et fra\u00eeches \u00a0, cette housse habille vos moments avec b\u00e9b\u00e9 d\u2019un suppl\u00e9ment d\u2019\u00e2me.<\/p>\n<h3 class=\"\" data-start=\"807\" data-end=\"849\">Belle, pratique et pens\u00e9e pour durer<\/h3>\n<p class=\"\" data-start=\"850\" data-end=\"1164\">Parce qu\u2019on sait que les t\u00e9t\u00e9es peuvent \u00eatre intenses, impr\u00e9visibles\u2026 et parfois un peu salissantes, cette housse de rechange est votre meilleure alli\u00e9e pour garder toujours un coussin propre sous la main.<br data-start=\"1055\" data-end=\"1058\" \/>Facile \u00e0 enfiler, toute douce et lavable en machine, elle allie <strong data-start=\"1122\" data-end=\"1147\">praticit\u00e9 et \u00e9l\u00e9gance<\/strong>, sans compromis.<\/p>\n<p data-start=\"850\" data-end=\"1164\"><br data-start=\"1703\" data-end=\"1706\" \/>\ud83e\udd0d Coton Oeko-Tex \u2013 Douceur garantie<\/p>\n","protected":false},"featured_media":13937,"comment_status":"closed","ping_status":"closed","template":"","meta":{"_acf_changed":false},"product_brand":[],"product_cat":[55],"product_tag":[115],"class_list":{"0":"post-13216","1":"product","2":"type-product","3":"status-publish","4":"has-post-thumbnail","6":"product_cat-housse-de-coussin-liberty","7":"product_tag-coussins-allaitement","8":"product_shipping_class-housse-liberty","10":"first","11":"instock","12":"taxable","13":"shipping-taxable","14":"purchasable","15":"product-type-simple"},"acf":[],"_links":{"self":[{"href":"https:\/\/www.mumade.fr\/en\/wp-json\/wp\/v2\/product\/13216","targetHints":{"allow":["GET"]}}],"collection":[{"href":"https:\/\/www.mumade.fr\/en\/wp-json\/wp\/v2\/product"}],"about":[{"href":"https:\/\/www.mumade.fr\/en\/wp-json\/wp\/v2\/types\/product"}],"replies":[{"embeddable":true,"href":"https:\/\/www.mumade.fr\/en\/wp-json\/wp\/v2\/comments?post=13216"}],"version-history":[{"count":11,"href":"https:\/\/www.mumade.fr\/en\/wp-json\/wp\/v2\/product\/13216\/revisions"}],"predecessor-version":[{"id":16470,"href":"https:\/\/www.mumade.fr\/en\/wp-json\/wp\/v2\/product\/13216\/revisions\/16470"}],"wp:featuredmedia":[{"embeddable":true,"href":"https:\/\/www.mumade.fr\/en\/wp-json\/wp\/v2\/media\/13937"}],"wp:attachment":[{"href":"https:\/\/www.mumade.fr\/en\/wp-json\/wp\/v2\/media?parent=13216"}],"wp:term":[{"taxonomy":"product_brand","embeddable":true,"href":"https:\/\/www.mumade.fr\/en\/wp-json\/wp\/v2\/product_brand?post=13216"},{"taxonomy":"product_cat","embeddable":true,"href":"https:\/\/www.mumade.fr\/en\/wp-json\/wp\/v2\/product_cat?post=13216"},{"taxonomy":"product_tag","embeddable":true,"href":"https:\/\/www.mumade.fr\/en\/wp-json\/wp\/v2\/product_tag?post=13216"}],"curies":[{"name":"wp","href":"https:\/\/api.w.org\/{rel}","templated":true}]}}