{"id":3714,"date":"2021-11-23T15:37:49","date_gmt":"2021-11-23T14:37:49","guid":{"rendered":"https:\/\/www.mumade.fr\/?post_type=product&#038;p=3714"},"modified":"2025-09-01T11:21:02","modified_gmt":"2025-09-01T09:21:02","slug":"housse-coussin-celadon","status":"publish","type":"product","link":"https:\/\/www.mumade.fr\/en\/shop\/housse-coussin-celadon\/","title":{"rendered":"Housse de coussin c\u00e9ladon"},"content":{"rendered":"<p><b>Composition :\u00a0\u00a0<\/b><span style=\"font-weight: 400;\">coton certifi\u00e9 Oeko-tex et ouate de polyester recycl\u00e9e\u00a0<\/span><\/p>\n<p>&nbsp;<\/p>\n<p><b>Entretien : <\/b><span style=\"font-weight: 400;\">La housse s\u2019entretient tr\u00e8s simplement.<\/span><\/p>\n<p><span style=\"font-weight: 400;\">Lavage en machine sur l&#8217;envers \u00e0 30 degr\u00e9s avec des couleurs similaires ( programme d\u00e9licat )<\/span><\/p>\n<p><span style=\"font-weight: 400;\">S\u00e9chage \u00e0 l\u2019air libre \u00e0 plat<\/span><\/p>\n<p><span style=\"font-weight: 400;\">\u00c9viter le s\u00e8che-linge\u00a0<\/span><\/p>\n<p><span style=\"font-weight: 400;\">Respecter les consignes de lavage pour prolonger la dur\u00e9e de vie de la housse et \u00e9viter les d\u00e9gorgements (tissu qui d\u00e9teint)\u00a0<\/span><\/p>\n","protected":false},"excerpt":{"rendered":"<p><span style=\"font-weight: 400;\">Pour avoir le temps de laver la housse de votre coussin Liberty sans vous retrouver en panne, nous vous proposons une housse additionnelle de rechange.<\/span><\/p>\n<p>Toute douce et bien \u00e9paisse pour des moments complices avec votre b\u00e9b\u00e9, c&#8217;est la m\u00eame que celle du coussin gonflable.<\/p>\n<p>&nbsp;<\/p>\n<p>Les housses bleu c\u00e9ladon et rose terracotta sont identiques, vous pouvez donc les interchanger.<\/p>\n<p><span style=\"font-weight: 400;\">Fabriqu\u00e9e au Portugal<\/span><\/p>\n<p>&nbsp;<\/p>\n<p>&nbsp;<\/p>\n","protected":false},"featured_media":16834,"comment_status":"closed","ping_status":"closed","template":"","meta":{"_acf_changed":false},"product_brand":[],"product_cat":[55],"product_tag":[],"class_list":{"0":"post-3714","1":"product","2":"type-product","3":"status-publish","4":"has-post-thumbnail","6":"product_cat-housse-de-coussin-liberty","7":"product_shipping_class-housse-liberty","9":"first","10":"outofstock","11":"taxable","12":"shipping-taxable","13":"purchasable","14":"product-type-simple"},"acf":[],"_links":{"self":[{"href":"https:\/\/www.mumade.fr\/en\/wp-json\/wp\/v2\/product\/3714","targetHints":{"allow":["GET"]}}],"collection":[{"href":"https:\/\/www.mumade.fr\/en\/wp-json\/wp\/v2\/product"}],"about":[{"href":"https:\/\/www.mumade.fr\/en\/wp-json\/wp\/v2\/types\/product"}],"replies":[{"embeddable":true,"href":"https:\/\/www.mumade.fr\/en\/wp-json\/wp\/v2\/comments?post=3714"}],"version-history":[{"count":14,"href":"https:\/\/www.mumade.fr\/en\/wp-json\/wp\/v2\/product\/3714\/revisions"}],"predecessor-version":[{"id":10976,"href":"https:\/\/www.mumade.fr\/en\/wp-json\/wp\/v2\/product\/3714\/revisions\/10976"}],"wp:featuredmedia":[{"embeddable":true,"href":"https:\/\/www.mumade.fr\/en\/wp-json\/wp\/v2\/media\/16834"}],"wp:attachment":[{"href":"https:\/\/www.mumade.fr\/en\/wp-json\/wp\/v2\/media?parent=3714"}],"wp:term":[{"taxonomy":"product_brand","embeddable":true,"href":"https:\/\/www.mumade.fr\/en\/wp-json\/wp\/v2\/product_brand?post=3714"},{"taxonomy":"product_cat","embeddable":true,"href":"https:\/\/www.mumade.fr\/en\/wp-json\/wp\/v2\/product_cat?post=3714"},{"taxonomy":"product_tag","embeddable":true,"href":"https:\/\/www.mumade.fr\/en\/wp-json\/wp\/v2\/product_tag?post=3714"}],"curies":[{"name":"wp","href":"https:\/\/api.w.org\/{rel}","templated":true}]}}