{"id":5977,"date":"2022-04-05T17:09:01","date_gmt":"2022-04-05T15:09:01","guid":{"rendered":"https:\/\/www.mumade.fr\/?post_type=product&#038;p=5977"},"modified":"2025-02-24T15:04:34","modified_gmt":"2025-02-24T14:04:34","slug":"collier-dallaitement-palm-sunrise","status":"publish","type":"product","link":"https:\/\/www.mumade.fr\/en\/shop\/collier-dallaitement-palm-sunrise\/","title":{"rendered":"Collier d&#8217;allaitement, portage et dentition Palm Sunrise"},"content":{"rendered":"<p><strong>Composition<\/strong> : Les perles sont r\u00e9alis\u00e9s en silicone alimentaire.<\/p>\n<p>Gr\u00e2ce \u00e0 son fermoir s\u00e9curis\u00e9, le collier s\u2019ouvre seulement sous une forte pression, limitant ainsi les risques de casse.<\/p>\n<p><strong><br \/>\nEntretien\u00a0<\/strong>: Lavage \u00e0 l\u2019eau ti\u00e8de savonneuse, au lave-vaisselle ou au st\u00e9rilisateur.<\/p>\n<p>&nbsp;<\/p>\n<p><strong>Dessin\u00e9 et assembl\u00e9 en France. Les mati\u00e8res premi\u00e8res proviennent de Chine.\u00a0<\/strong><\/p>\n","protected":false},"excerpt":{"rendered":"<p><span style=\"font-weight: 400;\">Epuis\u00e9 !\u00a0<\/span><\/p>\n<p><span style=\"font-weight: 400;\">Le collier d&#8217;allaitement Palm Sunrise rose de Minty Wendy est id\u00e9al pour occuper b\u00e9b\u00e9 lors de la t\u00e9t\u00e9e.<\/span><\/p>\n<p>&nbsp;<\/p>\n<p>Gr\u00e2ce \u00e0 sa texture agr\u00e9able au toucher et ses diff\u00e9rentes formes, votre <strong>b\u00e9b\u00e9 pourra s&#8217;amuser \u00e0 attraper le collier pendant l&#8217;allaitement<\/strong> r\u00e9duisant donc les risques pour la maman de se faire pincer ou tirer les cheveux par exemple.<\/p>\n<p>&nbsp;<\/p>\n<p>C&#8217;est aussi un <strong>collier de portage<\/strong> et de <strong>dentition<\/strong> qui participe \u00e0 l&#8217;\u00e9veil sensoriel de l&#8217;enfant et qu&#8217;il pourra m\u00e2chouiller pour jouer ou pour &#8220;faire ses dents&#8221;. Gr\u00e2ce \u00e0 sa composition en silicone alimentaire, il n&#8217;y a aucun risque pour sa sant\u00e9.<\/p>\n<p>&nbsp;<\/p>\n<p><strong>Son petit plus<\/strong> : Sa perle sensitive compos\u00e9 en collaboration avec une psychomotricienne. \u00c0 l&#8217;avant, deux petites feuilles de palmier et au dos le mantra &#8220;Love&#8221; font de lui un parfait compromis entre accessoire de pu\u00e9riculture et accessoire de mode.<\/p>\n","protected":false},"featured_media":5982,"comment_status":"closed","ping_status":"closed","template":"","meta":{"_acf_changed":false},"product_brand":[],"product_cat":[80],"product_tag":[],"class_list":{"0":"post-5977","1":"product","2":"type-product","3":"status-publish","4":"has-post-thumbnail","6":"product_cat-collier-palm-sunrise","7":"product_shipping_class-collier","9":"first","10":"outofstock","11":"taxable","12":"shipping-taxable","13":"purchasable","14":"product-type-simple"},"acf":[],"_links":{"self":[{"href":"https:\/\/www.mumade.fr\/en\/wp-json\/wp\/v2\/product\/5977","targetHints":{"allow":["GET"]}}],"collection":[{"href":"https:\/\/www.mumade.fr\/en\/wp-json\/wp\/v2\/product"}],"about":[{"href":"https:\/\/www.mumade.fr\/en\/wp-json\/wp\/v2\/types\/product"}],"replies":[{"embeddable":true,"href":"https:\/\/www.mumade.fr\/en\/wp-json\/wp\/v2\/comments?post=5977"}],"version-history":[{"count":6,"href":"https:\/\/www.mumade.fr\/en\/wp-json\/wp\/v2\/product\/5977\/revisions"}],"predecessor-version":[{"id":12520,"href":"https:\/\/www.mumade.fr\/en\/wp-json\/wp\/v2\/product\/5977\/revisions\/12520"}],"wp:featuredmedia":[{"embeddable":true,"href":"https:\/\/www.mumade.fr\/en\/wp-json\/wp\/v2\/media\/5982"}],"wp:attachment":[{"href":"https:\/\/www.mumade.fr\/en\/wp-json\/wp\/v2\/media?parent=5977"}],"wp:term":[{"taxonomy":"product_brand","embeddable":true,"href":"https:\/\/www.mumade.fr\/en\/wp-json\/wp\/v2\/product_brand?post=5977"},{"taxonomy":"product_cat","embeddable":true,"href":"https:\/\/www.mumade.fr\/en\/wp-json\/wp\/v2\/product_cat?post=5977"},{"taxonomy":"product_tag","embeddable":true,"href":"https:\/\/www.mumade.fr\/en\/wp-json\/wp\/v2\/product_tag?post=5977"}],"curies":[{"name":"wp","href":"https:\/\/api.w.org\/{rel}","templated":true}]}}