{"id":8189,"date":"2023-04-02T21:25:57","date_gmt":"2023-04-02T19:25:57","guid":{"rendered":"https:\/\/www.mumade.fr\/?post_type=product&#038;p=8189"},"modified":"2026-04-20T09:57:36","modified_gmt":"2026-04-20T07:57:36","slug":"bouee-de-rechange-pour-coussin-mumade","status":"publish","type":"product","link":"https:\/\/www.mumade.fr\/en\/shop\/bouee-de-rechange-pour-coussin-mumade\/","title":{"rendered":"Bou\u00e9e de rechange pour coussin d&#8217;allaitement MUMADE"},"content":{"rendered":"","protected":false},"excerpt":{"rendered":"<div>\n<p>Vous avez endommag\u00e9 votre bou\u00e9e et il n&#8217;est pas possible de la r\u00e9parer avec une rustine ?<\/p>\n<\/div>\n<div>Nous vous proposons de vous en envoyer une nouvelle pour pouvoir continuer \u00e0 allaiter confortablement.<\/div>\n<div>La bou\u00e9e est compatible avec tous les coussins Liberty gonflables.<\/div>\n<div>Elle est livr\u00e9e seule (sans housse ext\u00e9rieure).<\/div>\n","protected":false},"featured_media":7898,"comment_status":"closed","ping_status":"closed","template":"","meta":{"_acf_changed":false},"product_brand":[],"product_cat":[106],"product_tag":[],"class_list":{"0":"post-8189","1":"product","2":"type-product","3":"status-publish","4":"has-post-thumbnail","6":"product_cat-achat-bouee","7":"product_shipping_class-coussin-liberty","9":"first","10":"instock","11":"taxable","12":"shipping-taxable","13":"purchasable","14":"product-type-simple"},"acf":[],"_links":{"self":[{"href":"https:\/\/www.mumade.fr\/en\/wp-json\/wp\/v2\/product\/8189","targetHints":{"allow":["GET"]}}],"collection":[{"href":"https:\/\/www.mumade.fr\/en\/wp-json\/wp\/v2\/product"}],"about":[{"href":"https:\/\/www.mumade.fr\/en\/wp-json\/wp\/v2\/types\/product"}],"replies":[{"embeddable":true,"href":"https:\/\/www.mumade.fr\/en\/wp-json\/wp\/v2\/comments?post=8189"}],"version-history":[{"count":4,"href":"https:\/\/www.mumade.fr\/en\/wp-json\/wp\/v2\/product\/8189\/revisions"}],"predecessor-version":[{"id":19385,"href":"https:\/\/www.mumade.fr\/en\/wp-json\/wp\/v2\/product\/8189\/revisions\/19385"}],"wp:featuredmedia":[{"embeddable":true,"href":"https:\/\/www.mumade.fr\/en\/wp-json\/wp\/v2\/media\/7898"}],"wp:attachment":[{"href":"https:\/\/www.mumade.fr\/en\/wp-json\/wp\/v2\/media?parent=8189"}],"wp:term":[{"taxonomy":"product_brand","embeddable":true,"href":"https:\/\/www.mumade.fr\/en\/wp-json\/wp\/v2\/product_brand?post=8189"},{"taxonomy":"product_cat","embeddable":true,"href":"https:\/\/www.mumade.fr\/en\/wp-json\/wp\/v2\/product_cat?post=8189"},{"taxonomy":"product_tag","embeddable":true,"href":"https:\/\/www.mumade.fr\/en\/wp-json\/wp\/v2\/product_tag?post=8189"}],"curies":[{"name":"wp","href":"https:\/\/api.w.org\/{rel}","templated":true}]}}